{"id":1055,"date":"2024-09-05T12:09:01","date_gmt":"2024-09-05T10:09:01","guid":{"rendered":"https:\/\/es-management.dk\/?page_id=1055"},"modified":"2025-02-25T13:13:27","modified_gmt":"2025-02-25T12:13:27","slug":"forside","status":"publish","type":"page","link":"https:\/\/es-management.dk\/en\/","title":{"rendered":"Forside"},"content":{"rendered":"<div data-elementor-type=\"wp-page\" data-elementor-id=\"1055\" class=\"elementor elementor-1055\" data-elementor-post-type=\"page\">\n\t\t\t\t\t\t<section class=\"elementor-section elementor-top-section elementor-element elementor-element-47ea75a5 elementor-section-full_width elementor-section-height-min-height elementor-section-items-stretch elementor-section-height-default\" data-id=\"47ea75a5\" data-element_type=\"section\" data-e-type=\"section\" data-settings=\"{&quot;background_background&quot;:&quot;classic&quot;}\">\n\t\t\t\t\t\t<div class=\"elementor-container elementor-column-gap-default\">\n\t\t\t\t\t<div class=\"elementor-column elementor-col-33 elementor-top-column elementor-element elementor-element-36c6ab42\" data-id=\"36c6ab42\" data-element_type=\"column\" data-e-type=\"column\">\n\t\t\t<div class=\"elementor-widget-wrap elementor-element-populated\">\n\t\t\t\t\t\t<div class=\"elementor-element elementor-element-39d1f02e elementor-cta--skin-cover elementor-widget elementor-widget-call-to-action\" data-id=\"39d1f02e\" data-element_type=\"widget\" data-e-type=\"widget\" data-widget_type=\"call-to-action.default\">\n\t\t\t\t<div class=\"elementor-widget-container\">\n\t\t\t\t\t\t\t<div class=\"elementor-cta\">\n\t\t\t\t\t<div class=\"elementor-cta__bg-wrapper\">\n\t\t\t\t<div class=\"elementor-cta__bg elementor-bg\" style=\"background-image: url(https:\/\/es-management.dk\/wp-content\/uploads\/2024\/09\/DJI_002619-kopi.jpeg);\" role=\"img\" aria-label=\"DJI_002619-kopi.jpeg\"><\/div>\n\t\t\t\t<div class=\"elementor-cta__bg-overlay\"><\/div>\n\t\t\t<\/div>\n\t\t\t\t\t\t\t<div class=\"elementor-cta__content\">\n\t\t\t\t\n\t\t\t\t\t\t\t\t\t<h2 class=\"elementor-cta__title elementor-cta__content-item elementor-content-item\">\n\t\t\t\t\t\tES Management\t\t\t\t\t<\/h2>\n\t\t\t\t\n\t\t\t\t\t\t\t\t\t<div class=\"elementor-cta__description elementor-cta__content-item elementor-content-item\">\n\t\t\t\t\t\tES Management varetager Erik Skj\u00e6rb\u00e6ks og hans families \u00f8konomiske interesser.\t\t\t\t\t<\/div>\n\t\t\t\t\n\t\t\t\t\t\t\t\t\t<div class=\"elementor-cta__button-wrapper elementor-cta__content-item elementor-content-item\">\n\t\t\t\t\t<a class=\"elementor-cta__button elementor-button elementor-size-\" href=\"\/en\/hjem\/\">\n\t\t\t\t\t\tL\u00e6s mere her\t\t\t\t\t<\/a>\n\t\t\t\t\t<\/div>\n\t\t\t\t\t\t\t<\/div>\n\t\t\t\t\t\t<\/div>\n\t\t\t\t\t\t<\/div>\n\t\t\t\t<\/div>\n\t\t\t\t\t<\/div>\n\t\t<\/div>\n\t\t\t\t<div class=\"elementor-column elementor-col-33 elementor-top-column elementor-element elementor-element-ba7ce30\" data-id=\"ba7ce30\" data-element_type=\"column\" data-e-type=\"column\">\n\t\t\t<div class=\"elementor-widget-wrap elementor-element-populated\">\n\t\t\t\t\t\t<div class=\"elementor-element elementor-element-3105375 elementor-cta--skin-cover elementor-widget elementor-widget-call-to-action\" data-id=\"3105375\" data-element_type=\"widget\" data-e-type=\"widget\" data-widget_type=\"call-to-action.default\">\n\t\t\t\t<div class=\"elementor-widget-container\">\n\t\t\t\t\t\t\t<div class=\"elementor-cta\">\n\t\t\t\t\t<div class=\"elementor-cta__bg-wrapper\">\n\t\t\t\t<div class=\"elementor-cta__bg elementor-bg\" style=\"background-image: url(https:\/\/es-management.dk\/wp-content\/uploads\/2024\/09\/Projekt-Jessens-Mole-forside.jpg);\" role=\"img\" aria-label=\"Projekt-Jessens-Mole-forside.jpg\"><\/div>\n\t\t\t\t<div class=\"elementor-cta__bg-overlay\"><\/div>\n\t\t\t<\/div>\n\t\t\t\t\t\t\t<div class=\"elementor-cta__content\">\n\t\t\t\t\n\t\t\t\t\t\t\t\t\t<h2 class=\"elementor-cta__title elementor-cta__content-item elementor-content-item\">\n\t\t\t\t\t\tES ejendomme\t\t\t\t\t<\/h2>\n\t\t\t\t\n\t\t\t\t\t\t\t\t\t<div class=\"elementor-cta__description elementor-cta__content-item elementor-content-item\">\n\t\t\t\t\t\tVi udlejer b\u00e5de privat og erhvervsboliger som passer til dine behov.\t\t\t\t\t<\/div>\n\t\t\t\t\n\t\t\t\t\t\t\t\t\t<div class=\"elementor-cta__button-wrapper elementor-cta__content-item elementor-content-item\">\n\t\t\t\t\t<a class=\"elementor-cta__button elementor-button elementor-size-\" href=\"https:\/\/esejendomme.dk\/hjem\/\">\n\t\t\t\t\t\tL\u00e6s mere her\t\t\t\t\t<\/a>\n\t\t\t\t\t<\/div>\n\t\t\t\t\t\t\t<\/div>\n\t\t\t\t\t\t<\/div>\n\t\t\t\t\t\t<\/div>\n\t\t\t\t<\/div>\n\t\t\t\t\t<\/div>\n\t\t<\/div>\n\t\t\t\t<div class=\"elementor-column elementor-col-33 elementor-top-column elementor-element elementor-element-6fe70b8c\" data-id=\"6fe70b8c\" data-element_type=\"column\" data-e-type=\"column\">\n\t\t\t<div class=\"elementor-widget-wrap elementor-element-populated\">\n\t\t\t\t\t\t<div class=\"elementor-element elementor-element-e36f1ce elementor-cta--skin-cover elementor-widget elementor-widget-call-to-action\" data-id=\"e36f1ce\" data-element_type=\"widget\" data-e-type=\"widget\" data-widget_type=\"call-to-action.default\">\n\t\t\t\t<div class=\"elementor-widget-container\">\n\t\t\t\t\t\t\t<div class=\"elementor-cta\">\n\t\t\t\t\t<div class=\"elementor-cta__bg-wrapper\">\n\t\t\t\t<div class=\"elementor-cta__bg elementor-bg\" style=\"background-image: url(https:\/\/es-management.dk\/wp-content\/uploads\/2024\/09\/Fly-i-luften-1.jpeg);\" role=\"img\" aria-label=\"Fly-i-luften-1.jpeg\"><\/div>\n\t\t\t\t<div class=\"elementor-cta__bg-overlay\"><\/div>\n\t\t\t<\/div>\n\t\t\t\t\t\t\t<div class=\"elementor-cta__content\">\n\t\t\t\t\n\t\t\t\t\t\t\t\t\t<h2 class=\"elementor-cta__title elementor-cta__content-item elementor-content-item\">\n\t\t\t\t\t\tSkjaerbaek Air\t\t\t\t\t<\/h2>\n\t\t\t\t\n\t\t\t\t\t\t\t\t\t<div class=\"elementor-cta__description elementor-cta__content-item elementor-content-item\">\n\t\t\t\t\t\tSkjaerbaek Aviation Services er et privatejet flyselskab.\t\t\t\t\t<\/div>\n\t\t\t\t\n\t\t\t\t\t\t\t\t\t<div class=\"elementor-cta__button-wrapper elementor-cta__content-item elementor-content-item\">\n\t\t\t\t\t<a class=\"elementor-cta__button elementor-button elementor-size-\" href=\"https:\/\/skjaerbaek-air.dk\/en\/hjem\/\">\n\t\t\t\t\t\tL\u00e6s mere her\t\t\t\t\t<\/a>\n\t\t\t\t\t<\/div>\n\t\t\t\t\t\t\t<\/div>\n\t\t\t\t\t\t<\/div>\n\t\t\t\t\t\t<\/div>\n\t\t\t\t<\/div>\n\t\t\t\t\t<\/div>\n\t\t<\/div>\n\t\t\t\t\t<\/div>\n\t\t<\/section>\n\t\t\t\t<\/div>","protected":false},"excerpt":{"rendered":"<p>ES Management ES Management varetager Erik Skj\u00c3\u00a6rb\u00c3\u00a6ks og hans families \u00c3\u00b8konomiske interesser. L\u00c3\u00a6s mere her ES ejendomme Vi udlejer b\u00c3\u00a5de privat og erhvervsboliger som passer til dine behov. L\u00c3\u00a6s mere her Skjaerbaek Air Skjaerbaek Aviation Services er et privatejet flyselskab. L\u00c3\u00a6s mere her<\/p>","protected":false},"author":2,"featured_media":0,"parent":0,"menu_order":0,"comment_status":"closed","ping_status":"closed","template":"elementor_canvas","meta":{"footnotes":""},"class_list":["post-1055","page","type-page","status-publish","hentry"],"yoast_head":"<!-- This site is optimized with the Yoast SEO plugin v27.1.1 - https:\/\/yoast.com\/product\/yoast-seo-wordpress\/ -->\n<title>Forside - ES-Management<\/title>\n<meta name=\"robots\" content=\"index, follow, max-snippet:-1, max-image-preview:large, max-video-preview:-1\" \/>\n<link rel=\"canonical\" href=\"https:\/\/es-management.dk\/en\/\" \/>\n<meta property=\"og:locale\" content=\"en_GB\" \/>\n<meta property=\"og:type\" content=\"article\" \/>\n<meta property=\"og:title\" content=\"Forside - ES-Management\" \/>\n<meta property=\"og:description\" content=\"ES Management ES Management varetager Erik Skj\u00c3\u00a6rb\u00c3\u00a6ks og hans families \u00c3\u00b8konomiske interesser. L\u00c3\u00a6s mere her ES ejendomme Vi udlejer b\u00c3\u00a5de privat og erhvervsboliger som passer til dine behov. L\u00c3\u00a6s mere her Skjaerbaek Air Skjaerbaek Aviation Services er et privatejet flyselskab. L\u00c3\u00a6s mere her\" \/>\n<meta property=\"og:url\" content=\"https:\/\/es-management.dk\/en\/\" \/>\n<meta property=\"og:site_name\" content=\"ES-Management\" \/>\n<meta property=\"article:modified_time\" content=\"2025-02-25T12:13:27+00:00\" \/>\n<meta name=\"twitter:card\" content=\"summary_large_image\" \/>\n<meta name=\"twitter:label1\" content=\"Estimated reading time\" \/>\n\t<meta name=\"twitter:data1\" content=\"1 minute\" \/>\n<script type=\"application\/ld+json\" class=\"yoast-schema-graph\">{\"@context\":\"https:\/\/schema.org\",\"@graph\":[{\"@type\":\"WebPage\",\"@id\":\"https:\/\/es-management.dk\/\",\"url\":\"https:\/\/es-management.dk\/\",\"name\":\"Forside - ES-Management\",\"isPartOf\":{\"@id\":\"https:\/\/es-management.dk\/#website\"},\"datePublished\":\"2024-09-05T10:09:01+00:00\",\"dateModified\":\"2025-02-25T12:13:27+00:00\",\"breadcrumb\":{\"@id\":\"https:\/\/es-management.dk\/#breadcrumb\"},\"inLanguage\":\"en-GB\",\"potentialAction\":[{\"@type\":\"ReadAction\",\"target\":[\"https:\/\/es-management.dk\/\"]}]},{\"@type\":\"BreadcrumbList\",\"@id\":\"https:\/\/es-management.dk\/#breadcrumb\",\"itemListElement\":[{\"@type\":\"ListItem\",\"position\":1,\"name\":\"Hjem\",\"item\":\"https:\/\/es-management.dk\/\"},{\"@type\":\"ListItem\",\"position\":2,\"name\":\"Forside\"}]},{\"@type\":\"WebSite\",\"@id\":\"https:\/\/es-management.dk\/#website\",\"url\":\"https:\/\/es-management.dk\/\",\"name\":\"ES-Management\",\"description\":\"\",\"publisher\":{\"@id\":\"https:\/\/es-management.dk\/#organization\"},\"potentialAction\":[{\"@type\":\"SearchAction\",\"target\":{\"@type\":\"EntryPoint\",\"urlTemplate\":\"https:\/\/es-management.dk\/?s={search_term_string}\"},\"query-input\":{\"@type\":\"PropertyValueSpecification\",\"valueRequired\":true,\"valueName\":\"search_term_string\"}}],\"inLanguage\":\"en-GB\"},{\"@type\":\"Organization\",\"@id\":\"https:\/\/es-management.dk\/#organization\",\"name\":\"ES-Management\",\"url\":\"https:\/\/es-management.dk\/\",\"logo\":{\"@type\":\"ImageObject\",\"inLanguage\":\"en-GB\",\"@id\":\"https:\/\/es-management.dk\/#\/schema\/logo\/image\/\",\"url\":\"https:\/\/es-management.dk\/wp-content\/uploads\/2024\/06\/ESM-logo375.png\",\"contentUrl\":\"https:\/\/es-management.dk\/wp-content\/uploads\/2024\/06\/ESM-logo375.png\",\"width\":370,\"height\":75,\"caption\":\"ES-Management\"},\"image\":{\"@id\":\"https:\/\/es-management.dk\/#\/schema\/logo\/image\/\"}}]}<\/script>\n<!-- \/ Yoast SEO plugin. -->","yoast_head_json":{"title":"Forside - ES-Management","robots":{"index":"index","follow":"follow","max-snippet":"max-snippet:-1","max-image-preview":"max-image-preview:large","max-video-preview":"max-video-preview:-1"},"canonical":"https:\/\/es-management.dk\/en\/","og_locale":"en_GB","og_type":"article","og_title":"Forside - ES-Management","og_description":"ES Management ES Management varetager Erik Skj\u00c3\u00a6rb\u00c3\u00a6ks og hans families \u00c3\u00b8konomiske interesser. L\u00c3\u00a6s mere her ES ejendomme Vi udlejer b\u00c3\u00a5de privat og erhvervsboliger som passer til dine behov. L\u00c3\u00a6s mere her Skjaerbaek Air Skjaerbaek Aviation Services er et privatejet flyselskab. L\u00c3\u00a6s mere her","og_url":"https:\/\/es-management.dk\/en\/","og_site_name":"ES-Management","article_modified_time":"2025-02-25T12:13:27+00:00","twitter_card":"summary_large_image","twitter_misc":{"Estimated reading time":"1 minute"},"schema":{"@context":"https:\/\/schema.org","@graph":[{"@type":"WebPage","@id":"https:\/\/es-management.dk\/","url":"https:\/\/es-management.dk\/","name":"Forside - ES-Management","isPartOf":{"@id":"https:\/\/es-management.dk\/#website"},"datePublished":"2024-09-05T10:09:01+00:00","dateModified":"2025-02-25T12:13:27+00:00","breadcrumb":{"@id":"https:\/\/es-management.dk\/#breadcrumb"},"inLanguage":"en-GB","potentialAction":[{"@type":"ReadAction","target":["https:\/\/es-management.dk\/"]}]},{"@type":"BreadcrumbList","@id":"https:\/\/es-management.dk\/#breadcrumb","itemListElement":[{"@type":"ListItem","position":1,"name":"Hjem","item":"https:\/\/es-management.dk\/"},{"@type":"ListItem","position":2,"name":"Forside"}]},{"@type":"WebSite","@id":"https:\/\/es-management.dk\/#website","url":"https:\/\/es-management.dk\/","name":"ES-Management","description":"","publisher":{"@id":"https:\/\/es-management.dk\/#organization"},"potentialAction":[{"@type":"SearchAction","target":{"@type":"EntryPoint","urlTemplate":"https:\/\/es-management.dk\/?s={search_term_string}"},"query-input":{"@type":"PropertyValueSpecification","valueRequired":true,"valueName":"search_term_string"}}],"inLanguage":"en-GB"},{"@type":"Organization","@id":"https:\/\/es-management.dk\/#organization","name":"ES-Management","url":"https:\/\/es-management.dk\/","logo":{"@type":"ImageObject","inLanguage":"en-GB","@id":"https:\/\/es-management.dk\/#\/schema\/logo\/image\/","url":"https:\/\/es-management.dk\/wp-content\/uploads\/2024\/06\/ESM-logo375.png","contentUrl":"https:\/\/es-management.dk\/wp-content\/uploads\/2024\/06\/ESM-logo375.png","width":370,"height":75,"caption":"ES-Management"},"image":{"@id":"https:\/\/es-management.dk\/#\/schema\/logo\/image\/"}}]}},"_links":{"self":[{"href":"https:\/\/es-management.dk\/en\/wp-json\/wp\/v2\/pages\/1055","targetHints":{"allow":["GET"]}}],"collection":[{"href":"https:\/\/es-management.dk\/en\/wp-json\/wp\/v2\/pages"}],"about":[{"href":"https:\/\/es-management.dk\/en\/wp-json\/wp\/v2\/types\/page"}],"author":[{"embeddable":true,"href":"https:\/\/es-management.dk\/en\/wp-json\/wp\/v2\/users\/2"}],"replies":[{"embeddable":true,"href":"https:\/\/es-management.dk\/en\/wp-json\/wp\/v2\/comments?post=1055"}],"version-history":[{"count":19,"href":"https:\/\/es-management.dk\/en\/wp-json\/wp\/v2\/pages\/1055\/revisions"}],"predecessor-version":[{"id":1096,"href":"https:\/\/es-management.dk\/en\/wp-json\/wp\/v2\/pages\/1055\/revisions\/1096"}],"wp:attachment":[{"href":"https:\/\/es-management.dk\/en\/wp-json\/wp\/v2\/media?parent=1055"}],"curies":[{"name":"wp","href":"https:\/\/api.w.org\/{rel}","templated":true}]}}